{"id":11563,"date":"2025-08-29T22:42:19","date_gmt":"2025-08-30T01:42:19","guid":{"rendered":"https:\/\/telmax.com.ar\/index.php\/producto\/auricular-jbl-bluetooth-wave-buds-2-2\/"},"modified":"2026-04-20T12:54:41","modified_gmt":"2026-04-20T15:54:41","slug":"auricular-jbl-bluetooth-wave-buds-2-2","status":"publish","type":"product","link":"https:\/\/telmax.com.ar\/index.php\/producto\/auricular-jbl-bluetooth-wave-buds-2-2\/","title":{"rendered":"AURICULAR JBL BLUETOOTH WAVE BUDS 2"},"content":{"rendered":"<p>Sum\u00e9rgete en tu m\u00fasica con los auriculares JBL Bluetooth Wave Buds. Su dise\u00f1o compacto y ligero ofrece comodidad duradera mientras disfrutas de un sonido potente y claro. Con la conectividad Bluetooth, olv\u00eddate de los cables y disfruta de la libertad inal\u00e1mbrica. Perfectos para el d\u00eda a d\u00eda, en el trabajo o en movimiento. Los JBL Wave Buds son el compa\u00f1ero ideal para tu estilo de vida activo y en constante movimiento.<\/p>\n","protected":false},"excerpt":{"rendered":"<p>Sum\u00e9rgete en tu m\u00fasica con los auriculares JBL Bluetooth Wave Buds. Su dise\u00f1o compacto y ligero ofrece comodidad duradera mientras<\/p>\n","protected":false},"featured_media":11346,"comment_status":"open","ping_status":"closed","template":"","meta":[],"product_brand":[],"product_cat":[84],"product_tag":[],"class_list":{"0":"post-11563","1":"product","2":"type-product","3":"status-publish","4":"has-post-thumbnail","6":"product_cat-local-rivadavia","8":"first","9":"instock","10":"taxable","11":"shipping-taxable","12":"purchasable","13":"product-type-simple"},"_links":{"self":[{"href":"https:\/\/telmax.com.ar\/index.php\/wp-json\/wp\/v2\/product\/11563","targetHints":{"allow":["GET"]}}],"collection":[{"href":"https:\/\/telmax.com.ar\/index.php\/wp-json\/wp\/v2\/product"}],"about":[{"href":"https:\/\/telmax.com.ar\/index.php\/wp-json\/wp\/v2\/types\/product"}],"replies":[{"embeddable":true,"href":"https:\/\/telmax.com.ar\/index.php\/wp-json\/wp\/v2\/comments?post=11563"}],"version-history":[{"count":0,"href":"https:\/\/telmax.com.ar\/index.php\/wp-json\/wp\/v2\/product\/11563\/revisions"}],"wp:featuredmedia":[{"embeddable":true,"href":"https:\/\/telmax.com.ar\/index.php\/wp-json\/wp\/v2\/media\/11346"}],"wp:attachment":[{"href":"https:\/\/telmax.com.ar\/index.php\/wp-json\/wp\/v2\/media?parent=11563"}],"wp:term":[{"taxonomy":"product_brand","embeddable":true,"href":"https:\/\/telmax.com.ar\/index.php\/wp-json\/wp\/v2\/product_brand?post=11563"},{"taxonomy":"product_cat","embeddable":true,"href":"https:\/\/telmax.com.ar\/index.php\/wp-json\/wp\/v2\/product_cat?post=11563"},{"taxonomy":"product_tag","embeddable":true,"href":"https:\/\/telmax.com.ar\/index.php\/wp-json\/wp\/v2\/product_tag?post=11563"}],"curies":[{"name":"wp","href":"https:\/\/api.w.org\/{rel}","templated":true}]}}