{"id":13076,"date":"2025-12-02T18:16:23","date_gmt":"2025-12-02T21:16:23","guid":{"rendered":"https:\/\/telmax.com.ar\/?post_type=product&#038;p=13076"},"modified":"2026-04-18T12:49:03","modified_gmt":"2026-04-18T15:49:03","slug":"tv-box-2","status":"publish","type":"product","link":"https:\/\/telmax.com.ar\/index.php\/producto\/tv-box-2\/","title":{"rendered":"TV BOX"},"content":{"rendered":"<p>\ud83d\udc47\ud83c\udffbTENES FREE\ud83d\udc47\ud83c\udffb<br \/>\n\u2705 Pack Futbol\u26bd<br \/>\n\u2705 Pelis y series de Netflix, Flow, Disney+, Star+, Amazon, Paramount+, y m\u00e1s<br \/>\n\u2705 HBO, STAR, FOX, UNIVERSAL, ESPN PREMIUM, y m\u00e1s<br \/>\n\u2705 Estrenos de cine<br \/>\n\u2705 Contenido Adulto<br \/>\n\u2705 1500 canales gratis de cable de Latinoam\u00e9rica, Europa, Asia..<br \/>\n\ud83d\udccd Solo necesitas Internet<br \/>\n\ud83d\udccd Sin pagos mensuales<\/p>\n<p>\u26d4&#8221;PERMITIR ACCESO&#8221; cuando se inicie la App por 1ra vez para que FUNCIONE correctamente\u203c\ufe0f<\/p>\n<p>La reinstalaci\u00f3n de app se cobra aparte\u203c\ufe0f<\/p>\n","protected":false},"excerpt":{"rendered":"<p>Pod\u00e9s ver TV en vivo, adem\u00e1s de todas las series y pel\u00edculas<\/p>\n","protected":false},"featured_media":11900,"comment_status":"open","ping_status":"closed","template":"","meta":[],"product_brand":[],"product_cat":[84],"product_tag":[],"class_list":{"0":"post-13076","1":"product","2":"type-product","3":"status-publish","4":"has-post-thumbnail","6":"product_cat-local-rivadavia","8":"first","9":"instock","10":"taxable","11":"shipping-taxable","12":"purchasable","13":"product-type-simple"},"_links":{"self":[{"href":"https:\/\/telmax.com.ar\/index.php\/wp-json\/wp\/v2\/product\/13076","targetHints":{"allow":["GET"]}}],"collection":[{"href":"https:\/\/telmax.com.ar\/index.php\/wp-json\/wp\/v2\/product"}],"about":[{"href":"https:\/\/telmax.com.ar\/index.php\/wp-json\/wp\/v2\/types\/product"}],"replies":[{"embeddable":true,"href":"https:\/\/telmax.com.ar\/index.php\/wp-json\/wp\/v2\/comments?post=13076"}],"version-history":[{"count":1,"href":"https:\/\/telmax.com.ar\/index.php\/wp-json\/wp\/v2\/product\/13076\/revisions"}],"predecessor-version":[{"id":13077,"href":"https:\/\/telmax.com.ar\/index.php\/wp-json\/wp\/v2\/product\/13076\/revisions\/13077"}],"wp:featuredmedia":[{"embeddable":true,"href":"https:\/\/telmax.com.ar\/index.php\/wp-json\/wp\/v2\/media\/11900"}],"wp:attachment":[{"href":"https:\/\/telmax.com.ar\/index.php\/wp-json\/wp\/v2\/media?parent=13076"}],"wp:term":[{"taxonomy":"product_brand","embeddable":true,"href":"https:\/\/telmax.com.ar\/index.php\/wp-json\/wp\/v2\/product_brand?post=13076"},{"taxonomy":"product_cat","embeddable":true,"href":"https:\/\/telmax.com.ar\/index.php\/wp-json\/wp\/v2\/product_cat?post=13076"},{"taxonomy":"product_tag","embeddable":true,"href":"https:\/\/telmax.com.ar\/index.php\/wp-json\/wp\/v2\/product_tag?post=13076"}],"curies":[{"name":"wp","href":"https:\/\/api.w.org\/{rel}","templated":true}]}}