{"id":14502,"date":"2026-02-04T15:10:50","date_gmt":"2026-02-04T18:10:50","guid":{"rendered":"https:\/\/telmax.com.ar\/?post_type=product&#038;p=14502"},"modified":"2026-02-04T16:29:02","modified_gmt":"2026-02-04T19:29:02","slug":"dualsense-ps5-original-sony-3","status":"publish","type":"product","link":"https:\/\/telmax.com.ar\/index.php\/producto\/dualsense-ps5-original-sony-3\/","title":{"rendered":"Joystick DualSense PS5 Original Sony \u2013 Control Inal\u00e1mbrico PlayStation 5"},"content":{"rendered":"","protected":false},"excerpt":{"rendered":"<p class=\"p1\">Joystick <span class=\"s1\"><b>DualSense original de <\/b><span class=\"s2\"><b>Sony<\/b><\/span><\/span> para PlayStation 5, con respuesta h\u00e1ptica y gatillos adaptativos que elevan la experiencia de juego. Dise\u00f1o ergon\u00f3mico, conexi\u00f3n inal\u00e1mbrica y precisi\u00f3n total para jugar como corresponde.<\/p>\n","protected":false},"featured_media":14503,"comment_status":"open","ping_status":"closed","template":"","meta":[],"product_brand":[],"product_cat":[86],"product_tag":[],"class_list":{"0":"post-14502","1":"product","2":"type-product","3":"status-publish","4":"has-post-thumbnail","6":"product_cat-web","8":"first","9":"instock","10":"taxable","11":"shipping-taxable","12":"purchasable","13":"product-type-simple"},"_links":{"self":[{"href":"https:\/\/telmax.com.ar\/index.php\/wp-json\/wp\/v2\/product\/14502","targetHints":{"allow":["GET"]}}],"collection":[{"href":"https:\/\/telmax.com.ar\/index.php\/wp-json\/wp\/v2\/product"}],"about":[{"href":"https:\/\/telmax.com.ar\/index.php\/wp-json\/wp\/v2\/types\/product"}],"replies":[{"embeddable":true,"href":"https:\/\/telmax.com.ar\/index.php\/wp-json\/wp\/v2\/comments?post=14502"}],"version-history":[{"count":4,"href":"https:\/\/telmax.com.ar\/index.php\/wp-json\/wp\/v2\/product\/14502\/revisions"}],"predecessor-version":[{"id":14536,"href":"https:\/\/telmax.com.ar\/index.php\/wp-json\/wp\/v2\/product\/14502\/revisions\/14536"}],"wp:featuredmedia":[{"embeddable":true,"href":"https:\/\/telmax.com.ar\/index.php\/wp-json\/wp\/v2\/media\/14503"}],"wp:attachment":[{"href":"https:\/\/telmax.com.ar\/index.php\/wp-json\/wp\/v2\/media?parent=14502"}],"wp:term":[{"taxonomy":"product_brand","embeddable":true,"href":"https:\/\/telmax.com.ar\/index.php\/wp-json\/wp\/v2\/product_brand?post=14502"},{"taxonomy":"product_cat","embeddable":true,"href":"https:\/\/telmax.com.ar\/index.php\/wp-json\/wp\/v2\/product_cat?post=14502"},{"taxonomy":"product_tag","embeddable":true,"href":"https:\/\/telmax.com.ar\/index.php\/wp-json\/wp\/v2\/product_tag?post=14502"}],"curies":[{"name":"wp","href":"https:\/\/api.w.org\/{rel}","templated":true}]}}