{"id":14512,"date":"2026-02-04T15:50:54","date_gmt":"2026-02-04T18:50:54","guid":{"rendered":"https:\/\/telmax.com.ar\/?post_type=product&#038;p=14512"},"modified":"2026-04-18T11:16:05","modified_gmt":"2026-04-18T14:16:05","slug":"vacuum-suction","status":"publish","type":"product","link":"https:\/\/telmax.com.ar\/index.php\/producto\/vacuum-suction\/","title":{"rendered":"Soporte Magn\u00e9tico con Ventosa para Celular \u2013 Vacuum Suction Mount"},"content":{"rendered":"","protected":false},"excerpt":{"rendered":"<p class=\"p1\"><b>Vacuum Suction Mount (soporte magn\u00e9tico con succi\u00f3n)<\/b><b><\/b><\/p>\n<p class=\"p2\">Soporte con ventosa de alta adherencia y sistema magn\u00e9tico, ideal para fijar el celular en superficies lisas como vidrio, tablero o escritorio. Pr\u00e1ctico, firme y f\u00e1cil de colocar y retirar, perfecto para grabar contenido, videollamadas o usar el GPS sin complicaciones.<\/p>\n","protected":false},"featured_media":14514,"comment_status":"open","ping_status":"closed","template":"","meta":[],"product_brand":[],"product_cat":[86],"product_tag":[],"class_list":{"0":"post-14512","1":"product","2":"type-product","3":"status-publish","4":"has-post-thumbnail","6":"product_cat-web","8":"first","9":"instock","10":"taxable","11":"shipping-taxable","12":"purchasable","13":"product-type-simple"},"_links":{"self":[{"href":"https:\/\/telmax.com.ar\/index.php\/wp-json\/wp\/v2\/product\/14512","targetHints":{"allow":["GET"]}}],"collection":[{"href":"https:\/\/telmax.com.ar\/index.php\/wp-json\/wp\/v2\/product"}],"about":[{"href":"https:\/\/telmax.com.ar\/index.php\/wp-json\/wp\/v2\/types\/product"}],"replies":[{"embeddable":true,"href":"https:\/\/telmax.com.ar\/index.php\/wp-json\/wp\/v2\/comments?post=14512"}],"version-history":[{"count":4,"href":"https:\/\/telmax.com.ar\/index.php\/wp-json\/wp\/v2\/product\/14512\/revisions"}],"predecessor-version":[{"id":14529,"href":"https:\/\/telmax.com.ar\/index.php\/wp-json\/wp\/v2\/product\/14512\/revisions\/14529"}],"wp:featuredmedia":[{"embeddable":true,"href":"https:\/\/telmax.com.ar\/index.php\/wp-json\/wp\/v2\/media\/14514"}],"wp:attachment":[{"href":"https:\/\/telmax.com.ar\/index.php\/wp-json\/wp\/v2\/media?parent=14512"}],"wp:term":[{"taxonomy":"product_brand","embeddable":true,"href":"https:\/\/telmax.com.ar\/index.php\/wp-json\/wp\/v2\/product_brand?post=14512"},{"taxonomy":"product_cat","embeddable":true,"href":"https:\/\/telmax.com.ar\/index.php\/wp-json\/wp\/v2\/product_cat?post=14512"},{"taxonomy":"product_tag","embeddable":true,"href":"https:\/\/telmax.com.ar\/index.php\/wp-json\/wp\/v2\/product_tag?post=14512"}],"curies":[{"name":"wp","href":"https:\/\/api.w.org\/{rel}","templated":true}]}}