{"id":14518,"date":"2026-02-04T15:52:50","date_gmt":"2026-02-04T18:52:50","guid":{"rendered":"https:\/\/telmax.com.ar\/?post_type=product&#038;p=14518"},"modified":"2026-02-04T16:09:25","modified_gmt":"2026-02-04T19:09:25","slug":"firetv-stick-10k","status":"publish","type":"product","link":"https:\/\/telmax.com.ar\/index.php\/producto\/firetv-stick-10k\/","title":{"rendered":"Fire TV Stick: convert\u00ed tu TV en Smart TV con streaming en Full HD y Alexa"},"content":{"rendered":"","protected":false},"excerpt":{"rendered":"<p class=\"p1\">El <span class=\"s1\"><b>Fire TV Stick<\/b><\/span> transforma cualquier televisor en una smart TV r\u00e1pida e intuitiva: acced\u00e9 a Netflix, Prime Video, YouTube, Disney+ y m\u00e1s en segundos, con control por voz gracias a Alexa. Es compacto, f\u00e1cil de instalar y fluido para el d\u00eda a d\u00eda\u2014ideal para maratonear series, ver pelis o streamear sin vueltas. Plug, play y a disfrutar \ud83c\udf7f\u2728<\/p>\n","protected":false},"featured_media":14520,"comment_status":"open","ping_status":"closed","template":"","meta":[],"product_brand":[],"product_cat":[86],"product_tag":[],"class_list":{"0":"post-14518","1":"product","2":"type-product","3":"status-publish","4":"has-post-thumbnail","6":"product_cat-web","8":"first","9":"instock","10":"taxable","11":"shipping-taxable","12":"purchasable","13":"product-type-simple"},"_links":{"self":[{"href":"https:\/\/telmax.com.ar\/index.php\/wp-json\/wp\/v2\/product\/14518","targetHints":{"allow":["GET"]}}],"collection":[{"href":"https:\/\/telmax.com.ar\/index.php\/wp-json\/wp\/v2\/product"}],"about":[{"href":"https:\/\/telmax.com.ar\/index.php\/wp-json\/wp\/v2\/types\/product"}],"replies":[{"embeddable":true,"href":"https:\/\/telmax.com.ar\/index.php\/wp-json\/wp\/v2\/comments?post=14518"}],"version-history":[{"count":3,"href":"https:\/\/telmax.com.ar\/index.php\/wp-json\/wp\/v2\/product\/14518\/revisions"}],"predecessor-version":[{"id":14527,"href":"https:\/\/telmax.com.ar\/index.php\/wp-json\/wp\/v2\/product\/14518\/revisions\/14527"}],"wp:featuredmedia":[{"embeddable":true,"href":"https:\/\/telmax.com.ar\/index.php\/wp-json\/wp\/v2\/media\/14520"}],"wp:attachment":[{"href":"https:\/\/telmax.com.ar\/index.php\/wp-json\/wp\/v2\/media?parent=14518"}],"wp:term":[{"taxonomy":"product_brand","embeddable":true,"href":"https:\/\/telmax.com.ar\/index.php\/wp-json\/wp\/v2\/product_brand?post=14518"},{"taxonomy":"product_cat","embeddable":true,"href":"https:\/\/telmax.com.ar\/index.php\/wp-json\/wp\/v2\/product_cat?post=14518"},{"taxonomy":"product_tag","embeddable":true,"href":"https:\/\/telmax.com.ar\/index.php\/wp-json\/wp\/v2\/product_tag?post=14518"}],"curies":[{"name":"wp","href":"https:\/\/api.w.org\/{rel}","templated":true}]}}